{"id":256,"date":"2009-12-29T19:54:13","date_gmt":"2009-12-29T18:54:13","guid":{"rendered":"http:\/\/www.nebel-tanz.de\/?page_id=256"},"modified":"2026-02-11T12:25:07","modified_gmt":"2026-02-11T11:25:07","slug":"256-2","status":"publish","type":"page","link":"https:\/\/www.nebel-tanz.de\/?page_id=256","title":{"rendered":"<!-- disclaimer -->"},"content":{"rendered":"<p><strong>Ausschlu\u00dferkl\u00e4rung:<\/strong><br \/>\nWir weisen hiermit darauf hin, dass wir von diesen Seiten aus auf Webseiten Dritter verlinkt haben.<br \/>\nWir \u00fcbernehmen keinerlei Verantwortung f\u00fcr Inhalt oder technischen Funktion dieser Webseiten.<br \/>\nDiese Verantwortung liegt bei dem jeweiligen Betreiber der entsprechenden Webseiten.<br \/>\nDie Rechte der Bilder, Zeichnungen und Texte auf unseren eigenen Seiten bleiben, sofern nicht anders angegeben, bei den Urhebern und Autoren.<br \/>\nDie Ver\u00f6ffentlichung des auf diesen Seiten zur Verf\u00fcgung gestellten Bild-,  Text- und Tonmaterials durch Dritte ist nur bei nicht kommerzieller Nutzung und unter Angabe der Quelle gestattet.<\/p>\n<p><strong>Ipressum:<\/strong><br \/>\nHeiko Fiergolla<br \/>\nGabriel-Biel-Str. 13<br \/>\n72076 T\u00fcbingen<\/p>\n<p><a href=\"\/?page_id=1082\">Kontakt<\/a><\/p>\n","protected":false},"excerpt":{"rendered":"<p>Ausschlu\u00dferkl\u00e4rung: Wir weisen hiermit darauf hin, dass wir von diesen Seiten aus auf Webseiten Dritter verlinkt haben. Wir \u00fcbernehmen keinerlei Verantwortung f\u00fcr Inhalt oder technischen Funktion dieser Webseiten. Diese Verantwortung liegt bei dem jeweiligen Betreiber der entsprechenden Webseiten. Die Rechte der Bilder, Zeichnungen und Texte auf unseren eigenen Seiten bleiben, sofern nicht anders angegeben, bei <\/p>\n<p><a href=\"https:\/\/www.nebel-tanz.de\/?page_id=256\">Weiter lesen&#8230;<\/a><\/p>\n","protected":false},"author":1,"featured_media":0,"parent":0,"menu_order":0,"comment_status":"closed","ping_status":"closed","template":"","meta":{"footnotes":""},"class_list":["post-256","page","type-page","status-publish","hentry","odd"],"_links":{"self":[{"href":"https:\/\/www.nebel-tanz.de\/index.php?rest_route=\/wp\/v2\/pages\/256","targetHints":{"allow":["GET"]}}],"collection":[{"href":"https:\/\/www.nebel-tanz.de\/index.php?rest_route=\/wp\/v2\/pages"}],"about":[{"href":"https:\/\/www.nebel-tanz.de\/index.php?rest_route=\/wp\/v2\/types\/page"}],"author":[{"embeddable":true,"href":"https:\/\/www.nebel-tanz.de\/index.php?rest_route=\/wp\/v2\/users\/1"}],"replies":[{"embeddable":true,"href":"https:\/\/www.nebel-tanz.de\/index.php?rest_route=%2Fwp%2Fv2%2Fcomments&post=256"}],"version-history":[{"count":26,"href":"https:\/\/www.nebel-tanz.de\/index.php?rest_route=\/wp\/v2\/pages\/256\/revisions"}],"predecessor-version":[{"id":1428,"href":"https:\/\/www.nebel-tanz.de\/index.php?rest_route=\/wp\/v2\/pages\/256\/revisions\/1428"}],"wp:attachment":[{"href":"https:\/\/www.nebel-tanz.de\/index.php?rest_route=%2Fwp%2Fv2%2Fmedia&parent=256"}],"curies":[{"name":"wp","href":"https:\/\/api.w.org\/{rel}","templated":true}]}}