{"id":112,"date":"2009-12-29T17:11:32","date_gmt":"2009-12-29T16:11:32","guid":{"rendered":"http:\/\/www.nebel-tanz.de\/?page_id=112"},"modified":"2024-05-10T01:40:34","modified_gmt":"2024-05-09T23:40:34","slug":"112-2","status":"publish","type":"page","link":"https:\/\/www.nebel-tanz.de\/","title":{"rendered":"<!-- start -->"},"content":{"rendered":"<h2>Herzlich willkommen auf der Webseite f\u00fcr historische T\u00e4nze<\/h2>\n<p>Auf dieser Seite werden die T\u00e4nze vorgestellt, die sich bei den <a href=\"http:\/\/www.nebel-tanz.de\/?page_id=192\">Tanztrainings<\/a> der IG Nebel-Tanz angesammelt haben.<br \/>\nDie IG  Nebel-Tanz hat sich aus den ehemaligen Tanztraining des Nebellegenden e.V. heraus gebildet.<br \/>\nNebellegenden ist kein Verein f\u00fcr historische T\u00e4nze, sondern ein Live-Rollenspiel-Verein.<br \/>\nMehr dazu, was Rollenspiel ist, kann man <a title=\"Was ist Larp?\" href=\"http:\/\/www.larpwiki.de\/LARP\" target=\"_blank\" rel=\"noopener\">hier nachlesen<\/a>.\u00a0<\/p>\n<p>Was vor vielen Jahrem mal mit ersten kleinen Tanz-Schritten bei der Nachstellung eines historischen Adelsballs mit der Suche nach passenden T\u00e4nze und Musik begonnen hat, existiert jetzt seit 2001.<br \/>\nDas Repertoire, dass sich im Laufe der Jahre angesammelt hat, umfasst inzwischen T\u00e4nze aus dem Mittelalter, der Renaissance, dem Barock und zum Teil noch Neueres.<br \/>\nJe \u00e4lter ein Tanz ist, umso mehr Interpretationsspielraum hat man bei den Beschreibungen, die uns als &#8222;Original&#8220; manchmal auch nur L\u00fcckenhaft vorliegen. Gleiches gilt f\u00fcr die Lieder, die wir f\u00fcr die T\u00e4nze herausgesucht haben.<\/p>\n<p>Zu den wichtigsten Quellen geh\u00f6ren einige Tanzb\u00fccher aus der Renaissance und der fr\u00fchen Neuzeit:<\/p>\n<p>Das Tanzbuch von Antonius de Arena, erschienen\u00a01528<\/p>\n<p>Die &#8222;Orch\u00e9sographie&#8220; von Thoinot Arbeau, erschienen 1589<\/p>\n<p>&#8222;<a href=\"https:\/\/playforddances.com\/\" rel=\"noopener\" target=\"_blank\">The Dancing Master<\/a>&#8220; von John Playford, erschienen 1651<\/p>\n<p>Dazu kommen T\u00e4nze aus der britischen Squaredance-Tradition.<\/p>\n<p>Wir sind alle keine Historiker, sondern veranstalten dies alles nur als Hobbyprojekt. Somit sollte diese Seite nicht als fundierte Quelle f\u00fcr historische T\u00e4nze, sondern vielmehr als Idee f\u00fcr Leute, die Spa\u00df am Tanzen und Musizieren haben, genutzt werden.<\/p>\n<p>Wir sind bem\u00fcht, auf dieser Seite &#8222;open source&#8220;, d.h. lizenzfreie Texte und Noten zu benutzen. Sollte aber versehentlich ein Text oder ein Notensatz auftauchen, der unter Copyright f\u00e4llt, so bitten wir darum uns dies mitzuteilen, damit wir diesen Text oder die Noten unverz\u00fcglich von der Seite nehmen. (Hierzu bitte auch das <a href=\"http:\/\/www.nebel-tanz.de\/?page_id=256\">Impressum<\/a> lesen!)<br \/>\nAnders herum sind wir aber auch froh \u00fcber Leute, die uns bei dem Ausbau und der Erweiterung der T\u00e4nze und Lieder auf dieser Seite weiter helfen k\u00f6nnen. \ud83d\ude09<\/p>\n<p>Und nun viel Spa\u00df beim St\u00f6bern nach T\u00e4nzen!<\/p>\n","protected":false},"excerpt":{"rendered":"<p>Herzlich willkommen auf der Webseite f\u00fcr historische T\u00e4nze <\/p>\n<p>Auf dieser Seite werden die T\u00e4nze vorgestellt, die sich bei den Tanztrainings der IG Nebel-Tanz angesammelt haben. Die IG Nebel-Tanz hat sich aus den ehemaligen Tanztraining des Nebellegenden e.V. heraus gebildet. Nebellegenden ist kein Verein f\u00fcr historische T\u00e4nze, sondern ein Live-Rollenspiel-Verein. Mehr dazu, was Rollenspiel ist, kann <\/p>\n<p><a href=\"https:\/\/www.nebel-tanz.de\/\">Weiter lesen&#8230;<\/a><\/p>\n","protected":false},"author":1,"featured_media":0,"parent":0,"menu_order":0,"comment_status":"closed","ping_status":"closed","template":"","meta":{"footnotes":""},"class_list":["post-112","page","type-page","status-publish","hentry","odd"],"_links":{"self":[{"href":"https:\/\/www.nebel-tanz.de\/index.php?rest_route=\/wp\/v2\/pages\/112","targetHints":{"allow":["GET"]}}],"collection":[{"href":"https:\/\/www.nebel-tanz.de\/index.php?rest_route=\/wp\/v2\/pages"}],"about":[{"href":"https:\/\/www.nebel-tanz.de\/index.php?rest_route=\/wp\/v2\/types\/page"}],"author":[{"embeddable":true,"href":"https:\/\/www.nebel-tanz.de\/index.php?rest_route=\/wp\/v2\/users\/1"}],"replies":[{"embeddable":true,"href":"https:\/\/www.nebel-tanz.de\/index.php?rest_route=%2Fwp%2Fv2%2Fcomments&post=112"}],"version-history":[{"count":33,"href":"https:\/\/www.nebel-tanz.de\/index.php?rest_route=\/wp\/v2\/pages\/112\/revisions"}],"predecessor-version":[{"id":1409,"href":"https:\/\/www.nebel-tanz.de\/index.php?rest_route=\/wp\/v2\/pages\/112\/revisions\/1409"}],"wp:attachment":[{"href":"https:\/\/www.nebel-tanz.de\/index.php?rest_route=%2Fwp%2Fv2%2Fmedia&parent=112"}],"curies":[{"name":"wp","href":"https:\/\/api.w.org\/{rel}","templated":true}]}}